{"id":8457,"date":"2021-03-08T16:28:48","date_gmt":"2021-03-08T15:28:48","guid":{"rendered":"https:\/\/iconicitems.paris\/?post_type=product&#038;p=8457"},"modified":"2022-03-11T14:42:40","modified_gmt":"2022-03-11T13:42:40","slug":"braid-coat","status":"publish","type":"product","link":"https:\/\/iconicitems.paris\/en\/produit\/braid-coat\/","title":{"rendered":"Braid Coat Chanel"},"content":{"rendered":"<p>[et_pb_section fb_built=&#8221;1&#8243; _builder_version=&#8221;4.6.1&#8243; _module_preset=&#8221;default&#8221; global_colors_info=&#8221;{}&#8221;][et_pb_row _builder_version=&#8221;4.6.1&#8243; _module_preset=&#8221;default&#8221; global_colors_info=&#8221;{}&#8221;][et_pb_column type=&#8221;4_4&#8243; _builder_version=&#8221;4.6.1&#8243; _module_preset=&#8221;default&#8221; global_colors_info=&#8221;{}&#8221;][et_pb_slider use_bg_overlay=&#8221;off&#8221; use_text_overlay=&#8221;off&#8221; arrows_custom_color=&#8221;#1A1D56&#8243; dot_nav_custom_color=&#8221;#1A1D56&#8243; _builder_version=&#8221;4.9.6&#8243; _module_preset=&#8221;default&#8221; header_text_align=&#8221;center&#8221; body_text_align=&#8221;center&#8221; background_color=&#8221;rgba(0,0,0,0)&#8221; button_alignment=&#8221;center&#8221; text_orientation=&#8221;right&#8221; module_alignment=&#8221;center&#8221; content_width_tablet=&#8221;&#8221; content_width_phone=&#8221;&#8221; content_width_last_edited=&#8221;on|tablet&#8221; custom_padding=&#8221;100%||100%||false|false&#8221; border_color_all=&#8221;rgba(0,0,0,0)&#8221; border_color_all_image=&#8221;rgba(0,0,0,0)&#8221; global_colors_info=&#8221;{}&#8221;][et_pb_slide use_bg_overlay=&#8221;off&#8221; use_text_overlay=&#8221;off&#8221; _builder_version=&#8221;4.9.6&#8243; _module_preset=&#8221;default&#8221; background_image=&#8221;https:\/\/iconicitems.paris\/wp-content\/uploads\/2021\/03\/MA4C801.jpg&#8221; background_enable_image=&#8221;on&#8221; custom_padding=&#8221;||0px||false|false&#8221; custom_padding_tablet=&#8221;||||false|false&#8221; custom_padding_phone=&#8221;&#8221; custom_padding_last_edited=&#8221;on|tablet&#8221; global_colors_info=&#8221;{}&#8221; sticky_transition=&#8221;on&#8221;][\/et_pb_slide][et_pb_slide _builder_version=&#8221;4.9.6&#8243; _module_preset=&#8221;default&#8221; background_image=&#8221;https:\/\/iconicitems.paris\/wp-content\/uploads\/2021\/03\/MA6A431.jpg&#8221; background_enable_image=&#8221;on&#8221; global_colors_info=&#8221;{}&#8221; sticky_transition=&#8221;on&#8221;][\/et_pb_slide][et_pb_slide _builder_version=&#8221;4.9.6&#8243; _module_preset=&#8221;default&#8221; background_image=&#8221;https:\/\/iconicitems.paris\/wp-content\/uploads\/2021\/03\/MANTEA1-4.jpg&#8221; background_enable_image=&#8221;on&#8221; global_colors_info=&#8221;{}&#8221; sticky_transition=&#8221;on&#8221;][\/et_pb_slide][et_pb_slide _builder_version=&#8221;4.9.6&#8243; _module_preset=&#8221;default&#8221; background_image=&#8221;https:\/\/iconicitems.paris\/wp-content\/uploads\/2021\/03\/MABDDF1.jpg&#8221; background_enable_image=&#8221;on&#8221; global_colors_info=&#8221;{}&#8221; sticky_transition=&#8221;on&#8221;][\/et_pb_slide][et_pb_slide _builder_version=&#8221;4.9.6&#8243; _module_preset=&#8221;default&#8221; background_image=&#8221;https:\/\/iconicitems.paris\/wp-content\/uploads\/2021\/03\/MAE9AC1.jpg&#8221; background_enable_image=&#8221;on&#8221; global_colors_info=&#8221;{}&#8221; sticky_transition=&#8221;on&#8221;][\/et_pb_slide][et_pb_slide _builder_version=&#8221;4.9.6&#8243; _module_preset=&#8221;default&#8221; background_image=&#8221;https:\/\/iconicitems.paris\/wp-content\/uploads\/2021\/03\/MANTEA4-3.jpg&#8221; background_enable_image=&#8221;on&#8221; global_colors_info=&#8221;{}&#8221; sticky_transition=&#8221;on&#8221;][\/et_pb_slide][\/et_pb_slider][\/et_pb_column][\/et_pb_row][\/et_pb_section]<\/p>\n","protected":false},"excerpt":{"rendered":"<p>Ce manteau long ouvert gans\u00e9 Chanel est d&#8217;un grand raffinement. Il peut \u00eatre port\u00e9 ouvert ou stylis\u00e9 avec l&#8217;une de vos ceintures.<\/p>\n","protected":false},"featured_media":12535,"template":"","meta":{"_et_pb_use_builder":"on","_et_pb_old_content":"<h3>Item Description<\/h3>\r\nThis open coat is an emblematic piece of the Chanel house. In ecru and navy blue tweed, this full length coat from the early 90s is decorated with navy blue buttons with the initials \"CC\" on its 4 pockets and on the sleeves. This unique piece bears the credentials of Karl Lagerfeld, the essence of the house of Chanel.\r\n<h3>Design<\/h3>\r\n- Item certified crafted by Maison Chanel\r\n- Created by Karl Lagerfeld\r\n- Made of tweed\r\n- Made in France","_et_gb_content_width":""},"product_brand":[],"product_cat":[243,32],"product_tag":[521,276,336,397,245,376,294,520,344,285],"class_list":{"0":"post-8457","1":"product","2":"type-product","3":"status-publish","4":"has-post-thumbnail","6":"product_cat-chanel-en","7":"product_cat-jackets-coats","8":"product_tag-braid","9":"product_tag-classic","10":"product_tag-coat","11":"product_tag-ecru-en-2","12":"product_tag-karl-lagerfeld-en","13":"product_tag-long-coat","14":"product_tag-navy-blue","15":"product_tag-open-coat","16":"product_tag-tweed-en","17":"product_tag-vintage-en","19":"first","20":"instock","21":"sold-individually","22":"taxable","23":"shipping-taxable","24":"purchasable","25":"product-type-simple"},"jetpack_sharing_enabled":true,"_links":{"self":[{"href":"https:\/\/iconicitems.paris\/en\/wp-json\/wp\/v2\/product\/8457","targetHints":{"allow":["GET"]}}],"collection":[{"href":"https:\/\/iconicitems.paris\/en\/wp-json\/wp\/v2\/product"}],"about":[{"href":"https:\/\/iconicitems.paris\/en\/wp-json\/wp\/v2\/types\/product"}],"wp:featuredmedia":[{"embeddable":true,"href":"https:\/\/iconicitems.paris\/en\/wp-json\/wp\/v2\/media\/12535"}],"wp:attachment":[{"href":"https:\/\/iconicitems.paris\/en\/wp-json\/wp\/v2\/media?parent=8457"}],"wp:term":[{"taxonomy":"product_brand","embeddable":true,"href":"https:\/\/iconicitems.paris\/en\/wp-json\/wp\/v2\/product_brand?post=8457"},{"taxonomy":"product_cat","embeddable":true,"href":"https:\/\/iconicitems.paris\/en\/wp-json\/wp\/v2\/product_cat?post=8457"},{"taxonomy":"product_tag","embeddable":true,"href":"https:\/\/iconicitems.paris\/en\/wp-json\/wp\/v2\/product_tag?post=8457"}],"curies":[{"name":"wp","href":"https:\/\/api.w.org\/{rel}","templated":true}]}}