{"id":62740,"date":"2022-06-28T15:36:20","date_gmt":"2022-06-28T13:36:22","guid":{"rendered":"https:\/\/iconicitems.paris\/?post_type=product&#038;p=62740"},"modified":"2022-07-23T19:09:25","modified_gmt":"2022-07-23T17:09:25","slug":"dior-brown-bourse-bag","status":"publish","type":"product","link":"https:\/\/iconicitems.paris\/en\/produit\/dior-brown-bourse-bag\/","title":{"rendered":"DIOR brown bourse bag"},"content":{"rendered":"<p>[et_pb_section fb_built=&#8221;1&#8243; _builder_version=&#8221;4.6.1&#8243; _module_preset=&#8221;default&#8221; global_colors_info=&#8221;{}&#8221;][et_pb_row _builder_version=&#8221;4.6.1&#8243; _module_preset=&#8221;default&#8221; global_colors_info=&#8221;{}&#8221;][et_pb_column type=&#8221;4_4&#8243; _builder_version=&#8221;4.6.1&#8243; _module_preset=&#8221;default&#8221; global_colors_info=&#8221;{}&#8221;][et_pb_slider use_bg_overlay=&#8221;off&#8221; use_text_overlay=&#8221;off&#8221; arrows_custom_color=&#8221;#1A1D56&#8243; dot_nav_custom_color=&#8221;#1A1D56&#8243; _builder_version=&#8221;4.14.1&#8243; _module_preset=&#8221;default&#8221; header_text_align=&#8221;center&#8221; body_text_align=&#8221;center&#8221; background_color=&#8221;rgba(0,0,0,0)&#8221; button_alignment=&#8221;center&#8221; text_orientation=&#8221;right&#8221; module_alignment=&#8221;center&#8221; content_width_tablet=&#8221;&#8221; content_width_phone=&#8221;&#8221; content_width_last_edited=&#8221;on|tablet&#8221; custom_padding=&#8221;100%||100%||false|false&#8221; hover_enabled=&#8221;0&#8243; border_color_all=&#8221;rgba(0,0,0,0)&#8221; border_color_all_image=&#8221;rgba(0,0,0,0)&#8221; global_colors_info=&#8221;{}&#8221; sticky_enabled=&#8221;0&#8243;][et_pb_slide use_bg_overlay=&#8221;off&#8221; use_text_overlay=&#8221;off&#8221; _builder_version=&#8221;4.14.1&#8243; _module_preset=&#8221;default&#8221; background_image=&#8221;https:\/\/iconicitems.paris\/wp-content\/uploads\/2022\/06\/Ensemble-Sac-bourse-marron-Dior-Et-Veste-Jean-et-cuir-Dior-disponible-sur-www.iconicitems.paris-_-1.jpg&#8221; background_enable_image=&#8221;on&#8221; custom_padding=&#8221;||0px||false|false&#8221; custom_padding_tablet=&#8221;||||false|false&#8221; custom_padding_phone=&#8221;&#8221; custom_padding_last_edited=&#8221;on|tablet&#8221; hover_enabled=&#8221;0&#8243; global_colors_info=&#8221;{}&#8221; sticky_transition=&#8221;on&#8221; alt=&#8221;Sac DIOR bourse marron en cuir souple &#8211; focus logo D en argent bross\u00e9 Christian Dior &#8211; et &#8211; Veste DIOR Jean et cuir bordeaux, p\u00e9riode John Galliano &#8211; Maroquinerie \/ Veste &#038; Manteaux&#8221; title_text=&#8221;Ensemble Sac bourse marron Dior Et Veste Jean et cuir Dior disponible sur www.iconicitems.paris _ 1&#8243; sticky_enabled=&#8221;0&#8243;][\/et_pb_slide][et_pb_slide use_bg_overlay=&#8221;off&#8221; use_text_overlay=&#8221;off&#8221; _builder_version=&#8221;4.14.1&#8243; _module_preset=&#8221;default&#8221; background_image=&#8221;https:\/\/iconicitems.paris\/wp-content\/uploads\/2022\/06\/Sac-bourse-marron-Maison-Dior-disponible-sur-www.iconicitems.paris-_-2.jpg&#8221; background_enable_image=&#8221;on&#8221; custom_padding=&#8221;||0px||false|false&#8221; custom_padding_tablet=&#8221;||||false|false&#8221; custom_padding_phone=&#8221;&#8221; custom_padding_last_edited=&#8221;on|tablet&#8221; hover_enabled=&#8221;0&#8243; global_colors_info=&#8221;{}&#8221; sticky_transition=&#8221;on&#8221; alt=&#8221;Grand sac bourse marron en cuir souple au cannage iconique Dior; anse doubl\u00e9e; port\u00e9 \u00e0 l&#8217;\u00e9paule &#8211; DIOR &#8211; Maroquinerie&#8221; title_text=&#8221;Sac bourse marron &#8211; Maison Dior &#8211; disponible sur www.iconicitems.paris _ 2&#8243; sticky_enabled=&#8221;0&#8243;][\/et_pb_slide][et_pb_slide _builder_version=&#8221;4.14.1&#8243; _module_preset=&#8221;default&#8221; background_image=&#8221;https:\/\/iconicitems.paris\/wp-content\/uploads\/2022\/06\/Ensemble-Sac-bourse-marron-Dior-Et-Veste-Jean-et-cuir-Dior-disponible-sur-www.iconicitems.paris-_-3.jpg&#8221; background_enable_image=&#8221;on&#8221; hover_enabled=&#8221;0&#8243; global_colors_info=&#8221;{}&#8221; sticky_transition=&#8221;on&#8221; alt=&#8221;Sac DIOR bourse marron en cuir souple et logo D en argent bross\u00e9 &#8211; et &#8211; Veste DIOR Jean et cuir bordeaux, p\u00e9riode John Galliano &#8211; Maroquinerie \/ Veste &#038; Manteaux&#8221; title_text=&#8221;Ensemble Sac bourse marron Dior Et Veste Jean et cuir Dior disponible sur www.iconicitems.paris _ 3&#8243; sticky_enabled=&#8221;0&#8243;][\/et_pb_slide][et_pb_slide _builder_version=&#8221;4.14.1&#8243; _module_preset=&#8221;default&#8221; background_image=&#8221;https:\/\/iconicitems.paris\/wp-content\/uploads\/2022\/06\/Sac-bourse-marron-Maison-Dior-disponible-sur-www.iconicitems.paris-_-3.jpg&#8221; background_enable_image=&#8221;on&#8221; hover_enabled=&#8221;0&#8243; global_colors_info=&#8221;{}&#8221; sticky_transition=&#8221;on&#8221; alt=&#8221;Grand sac bourse marron en cuir souple au cannage iconique Dior; anse doubl\u00e9e; port\u00e9 \u00e0 l&#8217;\u00e9paule vue de c\u00f4t\u00e9 &#8211; DIOR &#8211; Maroquinerie&#8221; title_text=&#8221;Sac bourse marron &#8211; Maison Dior &#8211; disponible sur www.iconicitems.paris _ 3&#8243; sticky_enabled=&#8221;0&#8243;][\/et_pb_slide][et_pb_slide _builder_version=&#8221;4.14.1&#8243; _module_preset=&#8221;default&#8221; background_image=&#8221;https:\/\/iconicitems.paris\/wp-content\/uploads\/2022\/06\/Ensemble-Sac-bourse-marron-Dior-Et-Veste-Jean-et-cuir-Dior-disponible-sur-www.iconicitems.paris-_-2.jpg&#8221; background_enable_image=&#8221;on&#8221; hover_enabled=&#8221;0&#8243; global_colors_info=&#8221;{}&#8221; sticky_transition=&#8221;on&#8221; alt=&#8221;Sac DIOR bourse marron en cuir souple et double anse, port\u00e9 \u00e0 la main &#8211; et &#8211; Veste DIOR Jean et cuir bordeaux, p\u00e9riode John Galliano; port\u00e9e ouverte &#8211; Maroquinerie \/ Veste &#038; Manteaux&#8221; title_text=&#8221;Ensemble Sac bourse marron Dior Et Veste Jean et cuir Dior disponible sur www.iconicitems.paris _ 2&#8243; sticky_enabled=&#8221;0&#8243;][\/et_pb_slide][\/et_pb_slider][\/et_pb_column][\/et_pb_row][\/et_pb_section]<\/p>\n","protected":false},"excerpt":{"rendered":"<p>Timeless and elegant, this Dior brown bourse bag will be the perfect understated accessory to finish any outfit.<\/p>\n","protected":false},"featured_media":63129,"template":"","meta":{"_et_pb_use_builder":"on","_et_pb_old_content":"<h3>Item Description<\/h3>\r\nThis brown soft leather bourse bag with Cannage motif is an iconic item from the Maison DIOR. Its distressed leather effect gives it a slightly retro style. The brand is represented by an elegant brushed silver \"D\" initial on one of the sides. This bourse bag is a holdall that is functional and lightweight, as well as ideally suited to any occasion and easy to wear with many outfits!\r\n\r\n&nbsp;\r\n<h3>Design<\/h3>\r\n- Item certified crafted by Maison Dior\r\n- Made in France\r\n- Soft leather and brushed silver logo\r\n\r\n&nbsp;\r\n<h3>Details<\/h3>\r\n- Iconic Dior Cannage motif\r\n- \"D\" initial on the side\r\n- Doubled-up strap\r\n\r\n&nbsp;\r\n<h3>Dimensions<\/h3>\r\n- Bag height: 30cm\r\n- Bag width: 40cm\r\n- Handle length: 45cm x 2","_et_gb_content_width":""},"product_brand":[],"product_cat":[281,19],"product_tag":[719,259,723,302,282,724,695,257,712,546,700],"class_list":{"0":"post-62740","1":"product","2":"type-product","3":"status-publish","4":"has-post-thumbnail","6":"product_cat-dior-en","7":"product_cat-leather-goods","8":"product_tag-accessory","9":"product_tag-bag","10":"product_tag-bourse-bag","11":"product_tag-brown","12":"product_tag-dior-en","13":"product_tag-doubled-up-strap","14":"product_tag-fashion","15":"product_tag-leather","16":"product_tag-signed-dior","17":"product_tag-silver-metal","18":"product_tag-soft-leather","20":"first","21":"instock","22":"sold-individually","23":"taxable","24":"shipping-taxable","25":"purchasable","26":"product-type-simple"},"jetpack_sharing_enabled":true,"_links":{"self":[{"href":"https:\/\/iconicitems.paris\/en\/wp-json\/wp\/v2\/product\/62740","targetHints":{"allow":["GET"]}}],"collection":[{"href":"https:\/\/iconicitems.paris\/en\/wp-json\/wp\/v2\/product"}],"about":[{"href":"https:\/\/iconicitems.paris\/en\/wp-json\/wp\/v2\/types\/product"}],"wp:featuredmedia":[{"embeddable":true,"href":"https:\/\/iconicitems.paris\/en\/wp-json\/wp\/v2\/media\/63129"}],"wp:attachment":[{"href":"https:\/\/iconicitems.paris\/en\/wp-json\/wp\/v2\/media?parent=62740"}],"wp:term":[{"taxonomy":"product_brand","embeddable":true,"href":"https:\/\/iconicitems.paris\/en\/wp-json\/wp\/v2\/product_brand?post=62740"},{"taxonomy":"product_cat","embeddable":true,"href":"https:\/\/iconicitems.paris\/en\/wp-json\/wp\/v2\/product_cat?post=62740"},{"taxonomy":"product_tag","embeddable":true,"href":"https:\/\/iconicitems.paris\/en\/wp-json\/wp\/v2\/product_tag?post=62740"}],"curies":[{"name":"wp","href":"https:\/\/api.w.org\/{rel}","templated":true}]}}