{"id":60649,"date":"2021-11-22T22:28:58","date_gmt":"2021-11-22T21:29:00","guid":{"rendered":"https:\/\/iconicitems.paris\/?post_type=product&#038;p=60649"},"modified":"2022-03-11T15:11:38","modified_gmt":"2022-03-11T14:11:38","slug":"maxi-dress","status":"publish","type":"product","link":"https:\/\/iconicitems.paris\/en\/produit\/maxi-dress\/","title":{"rendered":"Maxi Dress Ala\u00efa"},"content":{"rendered":"<p>[et_pb_section fb_built=&#8221;1&#8243; _builder_version=&#8221;4.6.1&#8243; _module_preset=&#8221;default&#8221; global_colors_info=&#8221;{}&#8221;][et_pb_row _builder_version=&#8221;4.6.1&#8243; _module_preset=&#8221;default&#8221; global_colors_info=&#8221;{}&#8221;][et_pb_column type=&#8221;4_4&#8243; _builder_version=&#8221;4.6.1&#8243; _module_preset=&#8221;default&#8221; global_colors_info=&#8221;{}&#8221;][et_pb_slider use_bg_overlay=&#8221;off&#8221; use_text_overlay=&#8221;off&#8221; arrows_custom_color=&#8221;#1A1D56&#8243; dot_nav_custom_color=&#8221;#1A1D56&#8243; _builder_version=&#8221;4.13.1&#8243; _module_preset=&#8221;default&#8221; header_text_align=&#8221;center&#8221; body_text_align=&#8221;center&#8221; background_color=&#8221;rgba(0,0,0,0)&#8221; button_alignment=&#8221;center&#8221; text_orientation=&#8221;right&#8221; module_alignment=&#8221;center&#8221; content_width_tablet=&#8221;&#8221; content_width_phone=&#8221;&#8221; content_width_last_edited=&#8221;on|tablet&#8221; custom_padding=&#8221;100%||100%||false|false&#8221; border_color_all=&#8221;rgba(0,0,0,0)&#8221; border_color_all_image=&#8221;rgba(0,0,0,0)&#8221; global_colors_info=&#8221;{}&#8221;][et_pb_slide use_bg_overlay=&#8221;off&#8221; use_text_overlay=&#8221;off&#8221; _builder_version=&#8221;4.13.1&#8243; _module_preset=&#8221;default&#8221; background_image=&#8221;https:\/\/iconicitems.paris\/wp-content\/uploads\/2021\/11\/Robe-longue-de-soiree-Alaia-en-situation-disponible-sur-www.iconicitems.paris_.jpg&#8221; background_enable_image=&#8221;on&#8221; custom_padding=&#8221;||0px||false|false&#8221; custom_padding_tablet=&#8221;||||false|false&#8221; custom_padding_phone=&#8221;&#8221; custom_padding_last_edited=&#8221;on|tablet&#8221; global_colors_info=&#8221;{}&#8221; sticky_transition=&#8221;on&#8221;][\/et_pb_slide][et_pb_slide _builder_version=&#8221;4.13.1&#8243; _module_preset=&#8221;default&#8221; background_image=&#8221;https:\/\/iconicitems.paris\/wp-content\/uploads\/2021\/11\/Robe-longue-Alaia-en-situation-disponible-sur-www.iconicitems.paris_.jpg&#8221; background_enable_image=&#8221;on&#8221; global_colors_info=&#8221;{}&#8221; sticky_transition=&#8221;on&#8221;][\/et_pb_slide][et_pb_slide _builder_version=&#8221;4.13.1&#8243; _module_preset=&#8221;default&#8221; background_image=&#8221;https:\/\/iconicitems.paris\/wp-content\/uploads\/2021\/11\/Robe-longue-bleue-violette-Alaia-en-situation-disponible-sur-www.iconicitems.paris_.jpg&#8221; background_enable_image=&#8221;on&#8221; global_colors_info=&#8221;{}&#8221; sticky_transition=&#8221;on&#8221;][\/et_pb_slide][et_pb_slide _builder_version=&#8221;4.13.1&#8243; _module_preset=&#8221;default&#8221; background_image=&#8221;https:\/\/iconicitems.paris\/wp-content\/uploads\/2021\/11\/Robe-longue-bleue-violette-Alaia-ideale-pour-une-nuit-parisienne-disponible-sur-www.iconicitems.paris_.jpg&#8221; background_enable_image=&#8221;on&#8221; global_colors_info=&#8221;{}&#8221; sticky_transition=&#8221;on&#8221;][\/et_pb_slide][et_pb_slide _builder_version=&#8221;4.13.1&#8243; _module_preset=&#8221;default&#8221; background_image=&#8221;https:\/\/iconicitems.paris\/wp-content\/uploads\/2021\/11\/Robe-longue-bleue-violette-de-soiree-Alaia-en-situation-disponible-sur-www.iconicitems.paris_.jpg&#8221; background_enable_image=&#8221;on&#8221; global_colors_info=&#8221;{}&#8221; sticky_transition=&#8221;on&#8221;][\/et_pb_slide][\/et_pb_slider][\/et_pb_column][\/et_pb_row][\/et_pb_section]<\/p>\n","protected":false},"excerpt":{"rendered":"<p>This maxi dress explores the architecture and sculpture of the body; a true mastery of curves for a perfect line! Its velvet texture and its colour from navy blue to purple make this dress perfect for your next party!<\/p>\n","protected":false},"featured_media":60659,"template":"","meta":{"_et_pb_use_builder":"on","_et_pb_old_content":"<h3>Description<\/h3>\r\nLa Robe longue ALA\u00cfA est une magnifique pi\u00e8ce en velours violet. Au plus pr\u00e8s du corps, elle sculpte les formes sans transgression aucune \u2026 Rejouez ostensiblement les ann\u00e9es Palace ! Cette robe longue de la Maison ALA\u00cfA se porte indiff\u00e9remment ferm\u00e9e ou largement entrouverte gr\u00e2ce \u00e0 ses deux fermetures \u00e9clair en son haut et en son bas.\r\n\r\n&nbsp;\r\n<h3>Conception<\/h3>\r\n- Article certifi\u00e9 de la Maison Ala\u00efa\r\n- Fabriqu\u00e9 en France\r\n- R\u00e9alis\u00e9 en velours","_et_gb_content_width":""},"product_brand":[],"product_cat":[343,28],"product_tag":[341,342,284,55,505,613,272],"class_list":{"0":"post-60649","1":"product","2":"type-product","3":"status-publish","4":"has-post-thumbnail","6":"product_cat-alaia-en","7":"product_cat-dresses-skirts","8":"product_tag-alaia-en","9":"product_tag-azzedine-alaia-en","10":"product_tag-blue","11":"product_tag-dress","12":"product_tag-mauve","13":"product_tag-maxi-dress","14":"product_tag-suede-en","16":"first","17":"instock","18":"sold-individually","19":"taxable","20":"shipping-taxable","21":"purchasable","22":"product-type-simple"},"jetpack_sharing_enabled":true,"_links":{"self":[{"href":"https:\/\/iconicitems.paris\/en\/wp-json\/wp\/v2\/product\/60649","targetHints":{"allow":["GET"]}}],"collection":[{"href":"https:\/\/iconicitems.paris\/en\/wp-json\/wp\/v2\/product"}],"about":[{"href":"https:\/\/iconicitems.paris\/en\/wp-json\/wp\/v2\/types\/product"}],"wp:featuredmedia":[{"embeddable":true,"href":"https:\/\/iconicitems.paris\/en\/wp-json\/wp\/v2\/media\/60659"}],"wp:attachment":[{"href":"https:\/\/iconicitems.paris\/en\/wp-json\/wp\/v2\/media?parent=60649"}],"wp:term":[{"taxonomy":"product_brand","embeddable":true,"href":"https:\/\/iconicitems.paris\/en\/wp-json\/wp\/v2\/product_brand?post=60649"},{"taxonomy":"product_cat","embeddable":true,"href":"https:\/\/iconicitems.paris\/en\/wp-json\/wp\/v2\/product_cat?post=60649"},{"taxonomy":"product_tag","embeddable":true,"href":"https:\/\/iconicitems.paris\/en\/wp-json\/wp\/v2\/product_tag?post=60649"}],"curies":[{"name":"wp","href":"https:\/\/api.w.org\/{rel}","templated":true}]}}